{"id":2399,"date":"2020-10-23T07:55:22","date_gmt":"2020-10-23T05:55:22","guid":{"rendered":"https:\/\/www.fertilityclinic.gr\/?page_id=2399"},"modified":"2020-10-23T07:59:33","modified_gmt":"2020-10-23T05:59:33","slug":"epikoinonia","status":"publish","type":"page","link":"https:\/\/www.fertilityclinic.gr\/it\/epikoinonia\/","title":{"rendered":"\u0395\u03c0\u03b9\u03ba\u03bf\u03b9\u03bd\u03c9\u03bd\u03af\u03b1"},"content":{"rendered":"<h1>Contatto<span class=\"uk-text-danger\">.<\/span><\/h1>\n<ul>\n<li>\n<h3>Indirizzo<\/h3>\n<div>\n<p>Fine della str. Di Arianna<br \/>Eleones Pileas<br \/>555 35<br \/>Salonicco<br \/>Grecia<\/p>\n<\/div>\n<\/li>\n<li>\n<h3>Telefono<\/h3>\n<div>(+30)2310.427 427<br \/>(+30)2310.324 744<\/p>\n<\/div>\n<\/li>\n<li>\n<h3>Fax<\/h3>\n<div>(+30)2310.327 301<\/div>\n<\/li>\n<li>\n<h3>e-mail<\/h3>\n<div>info@fertilityclinic.gr<\/div>\n<\/li>\n<\/ul>\n<h3>Ore Lavorative<\/h3>\n<ul>\n<li>\n<h3>Luned\u00ec &#8211; Marted\u00ec &#8211; Gioved\u00ec<\/h3>\n<p>14:30 &#8211; 21:30<\/p>\n<\/li>\n<li>\n<h3>Mercoled\u00ec &#8211; Venerd\u00ec<\/h3>\n<p>10:00 &#8211; 17:00<\/p>\n<\/li>\n<\/ul>\n<h1>Nostra<span class=\"uk-text-light\"><span class=\"uk-text-danger\">.Posizione<\/span><\/span><\/h1>\n<h2>Eleones Pileas &#8211; Salonicco &#8211; Grecia<\/h2>\n<div>\n<h3>\u039a\u03bb\u03b9\u03bd\u03b9\u03ba\u03ae \u0393\u03bf\u03bd\u03b9\u03bc\u03cc\u03c4\u03b7\u03c4\u03b1\u03c2 \u2013 FertilityClinic<\/h3>\n<div>\u03a4\u03ad\u03c1\u03bc\u03b1 \u03bf\u03b4\u03bf\u03cd \u0391\u03c1\u03b9\u03ac\u03b4\u03bd\u03b7\u03c2 \u0395\u03bb\u03b1\u03b9\u03ce\u03bd\u03b5\u03c2 \u03a0\u03c5\u03bb\u03b1\u03af\u03b1\u03c2 555 35, \u0398\u03b5\u03c3\u03c3\u03b1\u03bb\u03bf\u03bd\u03af\u03ba\u03b7 \u2013 \u0395\u03bb\u03bb\u03ac\u03b4\u03b1<br \/><a href=\"https:\/\/goo.gl\/maps\/3WbRC6AQ5C99wqu78\">J244+PM Pilea<\/a><\/p>\n<\/div>\n<p>40.6067,23.0071<\/p>\n<\/div>\n<p><!-- {\"type\":\"layout\",\"children\":[{\"name\":\"HERO-SECTION-PAGES-FROM-FEATURED\",\"type\":\"section\",\"props\":{\"style\":\"default\",\"width\":\"\",\"vertical_align\":\"\",\"title_position\":\"top-left\",\"title_rotation\":\"left\",\"title_breakpoint\":\"xl\",\"image_position\":\"center-center\",\"image_size\":\"cover\",\"animation\":\"fade\",\"animation_delay\":true,\"overlap\":false,\"padding_remove_horizontal\":false,\"padding_remove_top\":false,\"padding\":\"large\",\"image_parallax_bgy_start\":\"200\",\"image_parallax_bgy_end\":\"-80\"},\"children\":[{\"name\":\"\",\"type\":\"row\",\"children\":[{\"name\":\"\",\"type\":\"column\",\"props\":{\"image_position\":\"center-center\",\"width_medium\":\"1-1\",\"media_overlay_gradient\":\"\"},\"children\":[]}]}],\"source\":{\"query\":{\"name\":\"pages.singlePage\"},\"props\":{\"image\":{\"filters\":{\"search\":\"\"},\"name\":\"featuredImage.url\"}}}},{\"type\":\"section\",\"props\":{\"style\":\"default\",\"width\":\"default\",\"vertical_align\":\"middle\",\"title_position\":\"top-left\",\"title_rotation\":\"left\",\"title_breakpoint\":\"xl\",\"image_position\":\"top-center\",\"image\":\"\",\"image_effect\":\"parallax\",\"padding_remove_top\":false,\"padding\":\"xsmall\"},\"children\":[{\"type\":\"row\",\"children\":[{\"type\":\"column\",\"props\":{\"image_position\":\"center-center\",\"media_overlay_gradient\":\"\"},\"children\":[{\"name\":\"\",\"type\":\"headline\",\"props\":{\"title_element\":\"h1\",\"title_style\":\"heading-small\",\"text_align\":\"center\",\"content\":\"Contatto<span class=\\\"uk-text-danger\\\">.<\\\/span>\",\"margin_remove_bottom\":true}}]}]}],\"name\":\"DELME-TRANSFER\"},{\"name\":\"OPENING HOURS-EPI\",\"type\":\"section\",\"props\":{\"style\":\"default\",\"width\":\"default\",\"vertical_align\":\"\",\"title_position\":\"top-left\",\"title_rotation\":\"left\",\"title_breakpoint\":\"xl\",\"image_position\":\"center-center\",\"padding_remove_bottom\":false,\"overlap\":false,\"class\":\"uk-overflow-hidden\"},\"children\":[{\"name\":\"\",\"type\":\"row\",\"props\":{\"layout\":\"2-3,1-3\",\"width\":\"xlarge\",\"margin\":\"remove-vertical\",\"margin_remove_top\":false,\"divider\":true,\"vertical_align\":true,\"row_gap\":\"large\",\"match\":false},\"children\":[{\"name\":\"\",\"type\":\"column\",\"props\":{\"image_position\":\"center-center\",\"width_medium\":\"2-3\",\"vertical_align\":\"middle\",\"media_overlay_gradient\":\"\"},\"children\":[{\"name\":\"\",\"type\":\"grid\",\"props\":{\"show_title\":true,\"show_meta\":true,\"show_content\":true,\"show_image\":true,\"show_link\":true,\"grid_default\":\"1\",\"grid_medium\":\"4\",\"filter_style\":\"tab\",\"filter_all\":true,\"filter_position\":\"top\",\"filter_align\":\"left\",\"filter_grid_width\":\"auto\",\"title_element\":\"h3\",\"meta_style\":\"h4\",\"meta_align\":\"below-title\",\"image_align\":\"top\",\"image_grid_width\":\"1-2\",\"link_text\":\"Read more\",\"link_style\":\"default\",\"margin\":\"default\",\"content_style\":\"lead\",\"margin_remove_bottom\":false,\"title_hover_style\":\"reset\",\"title_align\":\"top\",\"title_grid_width\":\"1-2\",\"image_svg_color\":\"emphasis\",\"item_animation\":\"\",\"filter_grid_breakpoint\":\"m\",\"title_grid_breakpoint\":\"m\",\"image_grid_breakpoint\":\"m\",\"icon_width\":80,\"meta_element\":\"div\",\"content_column_breakpoint\":\"m\"},\"children\":[{\"name\":\"\",\"type\":\"grid_item\",\"props\":{\"content\":\"\n\n<p>Fine della str. Di Arianna<br \\\/>Eleones Pileas<br \\\/>555 35<br \\\/>Salonicco<br \\\/>Grecia<\\\/p>\",\"meta\":\"\",\"title\":\"Indirizzo\"}},{\"name\":\"\",\"type\":\"grid_item\",\"props\":{\"content\":\"(+30)2310.427 427<br \\\/>(+30)2310.324 744<\\\/p>\",\"meta\":\"\",\"title\":\"Telefono\"}},{\"name\":\"\",\"type\":\"grid_item\",\"props\":{\"content\":\"(+30)2310.327 301\",\"meta\":\"\",\"title\":\"Fax\"}},{\"name\":\"\",\"type\":\"grid_item\",\"props\":{\"content\":\"info@fertilityclinic.gr\",\"meta\":\"\",\"title\":\"e-mail\"}}]}]},{\"name\":\"\",\"type\":\"column\",\"props\":{\"image_position\":\"center-center\",\"width_medium\":\"1-3\",\"vertical_align\":\"middle\",\"media_overlay_gradient\":\"\"},\"children\":[{\"name\":\"\",\"type\":\"headline\",\"props\":{\"title_element\":\"h3\",\"title_style\":\"h4\",\"content\":\"Ore Lavorative\"}},{\"name\":\"\",\"type\":\"description_list\",\"props\":{\"show_title\":true,\"show_meta\":true,\"show_content\":true,\"show_link\":true,\"layout\":\"grid-2-m\",\"meta_style\":\"\",\"meta_align\":\"below-content\",\"list_size\":\"\",\"title_grid_column_gap\":\"small\",\"title_grid_row_gap\":\"small\",\"title_grid_breakpoint\":\"\",\"title_grid_width\":\"expand\",\"title_leader\":true,\"list_element\":\"ul\",\"column_breakpoint\":\"m\",\"title_element\":\"div\"},\"children\":[{\"name\":\"\",\"type\":\"description_list_item\",\"props\":{\"title\":\"Luned\\u00ec - Marted\\u00ec - Gioved\\u00ec\",\"meta\":\"14:30 - 21:30\",\"content\":\"\"}},{\"name\":\"\",\"type\":\"description_list_item\",\"props\":{\"title\":\"Mercoled\\u00ec - Venerd\\u00ec\",\"meta\":\"10:00 - 17:00\",\"content\":\"\"}}]}]}]}]},{\"type\":\"section\",\"props\":{\"style\":\"muted\",\"width\":\"\",\"vertical_align\":\"middle\",\"title_position\":\"top-left\",\"title_rotation\":\"left\",\"title_breakpoint\":\"xl\",\"image_position\":\"center-center\",\"padding_remove_horizontal\":false,\"preserve_color\":false,\"padding\":\"none\",\"padding_remove_bottom\":false},\"children\":[{\"type\":\"row\",\"children\":[{\"type\":\"column\",\"props\":{\"image_position\":\"center-center\",\"media_overlay_gradient\":\"\"},\"children\":[{\"name\":\"Dottitle\",\"type\":\"headline\",\"props\":{\"title_element\":\"h1\",\"title_style\":\"heading-small\",\"text_align\":\"center\",\"content\":\"Nostra<span class=\\\"uk-text-light\\\"><span class=\\\"uk-text-danger\\\">.Posizione<\\\/span><\\\/span>\",\"margin_remove_bottom\":true}},{\"type\":\"headline\",\"props\":{\"title_element\":\"h2\",\"content\":\"Eleones Pileas - Salonicco - Grecia\",\"text_align\":\"center\",\"title_style\":\"h2\",\"title_font_family\":\"secondary\",\"margin_remove_top\":true},\"name\":\"2ndDottitle\"},{\"type\":\"map\",\"props\":{\"show_title\":true,\"type\":\"roadmap\",\"zoom\":16,\"controls\":true,\"zooming\":true,\"dragging\":true,\"height\":\"500\",\"styler_lightness\":\"0\",\"styler_saturation\":\"-100\"},\"children\":[{\"type\":\"map_marker\",\"props\":{\"location\":\"40.6067,23.0071\",\"title\":\"\\u039a\\u03bb\\u03b9\\u03bd\\u03b9\\u03ba\\u03ae \\u0393\\u03bf\\u03bd\\u03b9\\u03bc\\u03cc\\u03c4\\u03b7\\u03c4\\u03b1\\u03c2 \\u2013 FertilityClinic\",\"content\":\"\\u03a4\\u03ad\\u03c1\\u03bc\\u03b1 \\u03bf\\u03b4\\u03bf\\u03cd \\u0391\\u03c1\\u03b9\\u03ac\\u03b4\\u03bd\\u03b7\\u03c2 \\u0395\\u03bb\\u03b1\\u03b9\\u03ce\\u03bd\\u03b5\\u03c2 \\u03a0\\u03c5\\u03bb\\u03b1\\u03af\\u03b1\\u03c2 555 35, \\u0398\\u03b5\\u03c3\\u03c3\\u03b1\\u03bb\\u03bf\\u03bd\\u03af\\u03ba\\u03b7 \\u2013 \\u0395\\u03bb\\u03bb\\u03ac\\u03b4\\u03b1<br \\\/><a href=\\\"https:\\\/\\\/goo.gl\\\/maps\\\/3WbRC6AQ5C99wqu78\\\">J244+PM Pilea<\\\/a><\\\/p>\"}}]}]}]}],\"name\":\"MAP-SECTION-NEW\"}],\"version\":\"2.3.10\"} --><\/p>\n","protected":false},"excerpt":{"rendered":"<p>Contatto. Indirizzo Fine della str. Di AriannaEleones Pileas555 35SaloniccoGrecia Telefono (+30)2310.427 427(+30)2310.324 744 Fax (+30)2310.327 301 e-mail info@fertilityclinic.gr Ore Lavorative Luned\u00ec &#8211; Marted\u00ec &#8211; Gioved\u00ec 14:30 &#8211; 21:30 Mercoled\u00ec &#8211; Venerd\u00ec 10:00 &#8211; 17:00 Nostra.Posizione Eleones Pileas &#8211; Salonicco &#8211; Grecia \u039a\u03bb\u03b9\u03bd\u03b9\u03ba\u03ae \u0393\u03bf\u03bd\u03b9\u03bc\u03cc\u03c4\u03b7\u03c4\u03b1\u03c2 \u2013 FertilityClinic \u03a4\u03ad\u03c1\u03bc\u03b1 \u03bf\u03b4\u03bf\u03cd \u0391\u03c1\u03b9\u03ac\u03b4\u03bd\u03b7\u03c2 \u0395\u03bb\u03b1\u03b9\u03ce\u03bd\u03b5\u03c2 \u03a0\u03c5\u03bb\u03b1\u03af\u03b1\u03c2 555 35, \u0398\u03b5\u03c3\u03c3\u03b1\u03bb\u03bf\u03bd\u03af\u03ba\u03b7 \u2013 \u0395\u03bb\u03bb\u03ac\u03b4\u03b1J244+PM [&hellip;]<\/p>\n","protected":false},"author":2,"featured_media":2094,"parent":0,"menu_order":0,"comment_status":"closed","ping_status":"closed","template":"","meta":{"footnotes":""},"class_list":["post-2399","page","type-page","status-publish","has-post-thumbnail","hentry"],"yoast_head":"<!-- This site is optimized with the Yoast SEO plugin v27.6 - https:\/\/yoast.com\/product\/yoast-seo-wordpress\/ -->\n<title>\u0395\u03c0\u03b9\u03ba\u03bf\u03b9\u03bd\u03c9\u03bd\u03af\u03b1 - fertilityclinic.gr<\/title>\n<meta name=\"robots\" content=\"index, follow, max-snippet:-1, max-image-preview:large, max-video-preview:-1\" \/>\n<link rel=\"canonical\" href=\"https:\/\/www.fertilityclinic.gr\/it\/epikoinonia\/\" \/>\n<meta property=\"og:locale\" content=\"it_IT\" \/>\n<meta property=\"og:type\" content=\"article\" \/>\n<meta property=\"og:title\" content=\"\u0395\u03c0\u03b9\u03ba\u03bf\u03b9\u03bd\u03c9\u03bd\u03af\u03b1 - fertilityclinic.gr\" \/>\n<meta property=\"og:description\" content=\"Contatto. Indirizzo Fine della str. Di AriannaEleones Pileas555 35SaloniccoGrecia Telefono (+30)2310.427 427(+30)2310.324 744 Fax (+30)2310.327 301 e-mail info@fertilityclinic.gr Ore Lavorative Luned\u00ec &#8211; Marted\u00ec &#8211; Gioved\u00ec 14:30 &#8211; 21:30 Mercoled\u00ec &#8211; Venerd\u00ec 10:00 &#8211; 17:00 Nostra.Posizione Eleones Pileas &#8211; Salonicco &#8211; Grecia \u039a\u03bb\u03b9\u03bd\u03b9\u03ba\u03ae \u0393\u03bf\u03bd\u03b9\u03bc\u03cc\u03c4\u03b7\u03c4\u03b1\u03c2 \u2013 FertilityClinic \u03a4\u03ad\u03c1\u03bc\u03b1 \u03bf\u03b4\u03bf\u03cd \u0391\u03c1\u03b9\u03ac\u03b4\u03bd\u03b7\u03c2 \u0395\u03bb\u03b1\u03b9\u03ce\u03bd\u03b5\u03c2 \u03a0\u03c5\u03bb\u03b1\u03af\u03b1\u03c2 555 35, \u0398\u03b5\u03c3\u03c3\u03b1\u03bb\u03bf\u03bd\u03af\u03ba\u03b7 \u2013 \u0395\u03bb\u03bb\u03ac\u03b4\u03b1J244+PM [&hellip;]\" \/>\n<meta property=\"og:url\" content=\"https:\/\/www.fertilityclinic.gr\/it\/epikoinonia\/\" \/>\n<meta property=\"og:site_name\" content=\"fertilityclinic.gr\" \/>\n<meta property=\"article:publisher\" content=\"https:\/\/www.facebook.com\/fertilityclinic.gr\" \/>\n<meta property=\"article:modified_time\" content=\"2020-10-23T05:59:33+00:00\" \/>\n<meta property=\"og:image\" content=\"https:\/\/www.fertilityclinic.gr\/wp-content\/uploads\/2020\/09\/contactw.jpg\" \/>\n\t<meta property=\"og:image:width\" content=\"2560\" \/>\n\t<meta property=\"og:image:height\" content=\"1110\" \/>\n\t<meta property=\"og:image:type\" content=\"image\/jpeg\" \/>\n<script type=\"application\/ld+json\" class=\"yoast-schema-graph\">{\"@context\":\"https:\\\/\\\/schema.org\",\"@graph\":[{\"@type\":\"WebPage\",\"@id\":\"https:\\\/\\\/www.fertilityclinic.gr\\\/it\\\/epikoinonia\\\/\",\"url\":\"https:\\\/\\\/www.fertilityclinic.gr\\\/it\\\/epikoinonia\\\/\",\"name\":\"\u0395\u03c0\u03b9\u03ba\u03bf\u03b9\u03bd\u03c9\u03bd\u03af\u03b1 - fertilityclinic.gr\",\"isPartOf\":{\"@id\":\"https:\\\/\\\/www.fertilityclinic.gr\\\/#website\"},\"primaryImageOfPage\":{\"@id\":\"https:\\\/\\\/www.fertilityclinic.gr\\\/it\\\/epikoinonia\\\/#primaryimage\"},\"image\":{\"@id\":\"https:\\\/\\\/www.fertilityclinic.gr\\\/it\\\/epikoinonia\\\/#primaryimage\"},\"thumbnailUrl\":\"https:\\\/\\\/www.fertilityclinic.gr\\\/wp-content\\\/uploads\\\/2020\\\/09\\\/contactw.jpg\",\"datePublished\":\"2020-10-23T05:55:22+00:00\",\"dateModified\":\"2020-10-23T05:59:33+00:00\",\"breadcrumb\":{\"@id\":\"https:\\\/\\\/www.fertilityclinic.gr\\\/it\\\/epikoinonia\\\/#breadcrumb\"},\"inLanguage\":\"it-IT\",\"potentialAction\":[{\"@type\":\"ReadAction\",\"target\":[\"https:\\\/\\\/www.fertilityclinic.gr\\\/it\\\/epikoinonia\\\/\"]}]},{\"@type\":\"ImageObject\",\"inLanguage\":\"it-IT\",\"@id\":\"https:\\\/\\\/www.fertilityclinic.gr\\\/it\\\/epikoinonia\\\/#primaryimage\",\"url\":\"https:\\\/\\\/www.fertilityclinic.gr\\\/wp-content\\\/uploads\\\/2020\\\/09\\\/contactw.jpg\",\"contentUrl\":\"https:\\\/\\\/www.fertilityclinic.gr\\\/wp-content\\\/uploads\\\/2020\\\/09\\\/contactw.jpg\",\"width\":2560,\"height\":1110},{\"@type\":\"BreadcrumbList\",\"@id\":\"https:\\\/\\\/www.fertilityclinic.gr\\\/it\\\/epikoinonia\\\/#breadcrumb\",\"itemListElement\":[{\"@type\":\"ListItem\",\"position\":1,\"name\":\"Home\",\"item\":\"https:\\\/\\\/www.fertilityclinic.gr\\\/it\\\/\"},{\"@type\":\"ListItem\",\"position\":2,\"name\":\"\u0395\u03c0\u03b9\u03ba\u03bf\u03b9\u03bd\u03c9\u03bd\u03af\u03b1\"}]},{\"@type\":\"WebSite\",\"@id\":\"https:\\\/\\\/www.fertilityclinic.gr\\\/#website\",\"url\":\"https:\\\/\\\/www.fertilityclinic.gr\\\/\",\"name\":\"fertilityclinic.gr\",\"description\":\"\u0395\u03be\u03c9\u03c3\u03c9\u03bc\u03b1\u03c4\u03b9\u03ba\u03ae \u0393\u03bf\u03bd\u03b9\u03bc\u03bf\u03c0\u03bf\u03af\u03b7\u03c3\u03b7 \u03c3\u03c4\u03b7 \u0398\u03b5\u03c3\u03c3\u03b1\u03bb\u03bf\u03bd\u03af\u03ba\u03b7\",\"publisher\":{\"@id\":\"https:\\\/\\\/www.fertilityclinic.gr\\\/#organization\"},\"potentialAction\":[{\"@type\":\"SearchAction\",\"target\":{\"@type\":\"EntryPoint\",\"urlTemplate\":\"https:\\\/\\\/www.fertilityclinic.gr\\\/?s={search_term_string}\"},\"query-input\":{\"@type\":\"PropertyValueSpecification\",\"valueRequired\":true,\"valueName\":\"search_term_string\"}}],\"inLanguage\":\"it-IT\"},{\"@type\":\"Organization\",\"@id\":\"https:\\\/\\\/www.fertilityclinic.gr\\\/#organization\",\"name\":\"\u039a\u03bb\u03b9\u03bd\u03b9\u03ba\u03ae \u0393\u03bf\u03bd\u03b9\u03bc\u03cc\u03c4\u03b7\u03c4\u03b1\u03c2 - Fertility Clinic\",\"url\":\"https:\\\/\\\/www.fertilityclinic.gr\\\/\",\"logo\":{\"@type\":\"ImageObject\",\"inLanguage\":\"it-IT\",\"@id\":\"https:\\\/\\\/www.fertilityclinic.gr\\\/#\\\/schema\\\/logo\\\/image\\\/\",\"url\":\"https:\\\/\\\/www.fertilityclinic.gr\\\/wp-content\\\/uploads\\\/2020\\\/08\\\/f2_sq_logo_400.png\",\"contentUrl\":\"https:\\\/\\\/www.fertilityclinic.gr\\\/wp-content\\\/uploads\\\/2020\\\/08\\\/f2_sq_logo_400.png\",\"width\":476,\"height\":339,\"caption\":\"\u039a\u03bb\u03b9\u03bd\u03b9\u03ba\u03ae \u0393\u03bf\u03bd\u03b9\u03bc\u03cc\u03c4\u03b7\u03c4\u03b1\u03c2 - Fertility Clinic\"},\"image\":{\"@id\":\"https:\\\/\\\/www.fertilityclinic.gr\\\/#\\\/schema\\\/logo\\\/image\\\/\"},\"sameAs\":[\"https:\\\/\\\/www.facebook.com\\\/fertilityclinic.gr\",\"https:\\\/\\\/www.instagram.com\\\/fertilityclinic_gr\\\/\"]}]}<\/script>\n<!-- \/ Yoast SEO plugin. -->","yoast_head_json":{"title":"\u0395\u03c0\u03b9\u03ba\u03bf\u03b9\u03bd\u03c9\u03bd\u03af\u03b1 - fertilityclinic.gr","robots":{"index":"index","follow":"follow","max-snippet":"max-snippet:-1","max-image-preview":"max-image-preview:large","max-video-preview":"max-video-preview:-1"},"canonical":"https:\/\/www.fertilityclinic.gr\/it\/epikoinonia\/","og_locale":"it_IT","og_type":"article","og_title":"\u0395\u03c0\u03b9\u03ba\u03bf\u03b9\u03bd\u03c9\u03bd\u03af\u03b1 - fertilityclinic.gr","og_description":"Contatto. Indirizzo Fine della str. Di AriannaEleones Pileas555 35SaloniccoGrecia Telefono (+30)2310.427 427(+30)2310.324 744 Fax (+30)2310.327 301 e-mail info@fertilityclinic.gr Ore Lavorative Luned\u00ec &#8211; Marted\u00ec &#8211; Gioved\u00ec 14:30 &#8211; 21:30 Mercoled\u00ec &#8211; Venerd\u00ec 10:00 &#8211; 17:00 Nostra.Posizione Eleones Pileas &#8211; Salonicco &#8211; Grecia \u039a\u03bb\u03b9\u03bd\u03b9\u03ba\u03ae \u0393\u03bf\u03bd\u03b9\u03bc\u03cc\u03c4\u03b7\u03c4\u03b1\u03c2 \u2013 FertilityClinic \u03a4\u03ad\u03c1\u03bc\u03b1 \u03bf\u03b4\u03bf\u03cd \u0391\u03c1\u03b9\u03ac\u03b4\u03bd\u03b7\u03c2 \u0395\u03bb\u03b1\u03b9\u03ce\u03bd\u03b5\u03c2 \u03a0\u03c5\u03bb\u03b1\u03af\u03b1\u03c2 555 35, \u0398\u03b5\u03c3\u03c3\u03b1\u03bb\u03bf\u03bd\u03af\u03ba\u03b7 \u2013 \u0395\u03bb\u03bb\u03ac\u03b4\u03b1J244+PM [&hellip;]","og_url":"https:\/\/www.fertilityclinic.gr\/it\/epikoinonia\/","og_site_name":"fertilityclinic.gr","article_publisher":"https:\/\/www.facebook.com\/fertilityclinic.gr","article_modified_time":"2020-10-23T05:59:33+00:00","og_image":[{"width":2560,"height":1110,"url":"https:\/\/www.fertilityclinic.gr\/wp-content\/uploads\/2020\/09\/contactw.jpg","type":"image\/jpeg"}],"schema":{"@context":"https:\/\/schema.org","@graph":[{"@type":"WebPage","@id":"https:\/\/www.fertilityclinic.gr\/it\/epikoinonia\/","url":"https:\/\/www.fertilityclinic.gr\/it\/epikoinonia\/","name":"\u0395\u03c0\u03b9\u03ba\u03bf\u03b9\u03bd\u03c9\u03bd\u03af\u03b1 - fertilityclinic.gr","isPartOf":{"@id":"https:\/\/www.fertilityclinic.gr\/#website"},"primaryImageOfPage":{"@id":"https:\/\/www.fertilityclinic.gr\/it\/epikoinonia\/#primaryimage"},"image":{"@id":"https:\/\/www.fertilityclinic.gr\/it\/epikoinonia\/#primaryimage"},"thumbnailUrl":"https:\/\/www.fertilityclinic.gr\/wp-content\/uploads\/2020\/09\/contactw.jpg","datePublished":"2020-10-23T05:55:22+00:00","dateModified":"2020-10-23T05:59:33+00:00","breadcrumb":{"@id":"https:\/\/www.fertilityclinic.gr\/it\/epikoinonia\/#breadcrumb"},"inLanguage":"it-IT","potentialAction":[{"@type":"ReadAction","target":["https:\/\/www.fertilityclinic.gr\/it\/epikoinonia\/"]}]},{"@type":"ImageObject","inLanguage":"it-IT","@id":"https:\/\/www.fertilityclinic.gr\/it\/epikoinonia\/#primaryimage","url":"https:\/\/www.fertilityclinic.gr\/wp-content\/uploads\/2020\/09\/contactw.jpg","contentUrl":"https:\/\/www.fertilityclinic.gr\/wp-content\/uploads\/2020\/09\/contactw.jpg","width":2560,"height":1110},{"@type":"BreadcrumbList","@id":"https:\/\/www.fertilityclinic.gr\/it\/epikoinonia\/#breadcrumb","itemListElement":[{"@type":"ListItem","position":1,"name":"Home","item":"https:\/\/www.fertilityclinic.gr\/it\/"},{"@type":"ListItem","position":2,"name":"\u0395\u03c0\u03b9\u03ba\u03bf\u03b9\u03bd\u03c9\u03bd\u03af\u03b1"}]},{"@type":"WebSite","@id":"https:\/\/www.fertilityclinic.gr\/#website","url":"https:\/\/www.fertilityclinic.gr\/","name":"fertilityclinic.gr","description":"\u0395\u03be\u03c9\u03c3\u03c9\u03bc\u03b1\u03c4\u03b9\u03ba\u03ae \u0393\u03bf\u03bd\u03b9\u03bc\u03bf\u03c0\u03bf\u03af\u03b7\u03c3\u03b7 \u03c3\u03c4\u03b7 \u0398\u03b5\u03c3\u03c3\u03b1\u03bb\u03bf\u03bd\u03af\u03ba\u03b7","publisher":{"@id":"https:\/\/www.fertilityclinic.gr\/#organization"},"potentialAction":[{"@type":"SearchAction","target":{"@type":"EntryPoint","urlTemplate":"https:\/\/www.fertilityclinic.gr\/?s={search_term_string}"},"query-input":{"@type":"PropertyValueSpecification","valueRequired":true,"valueName":"search_term_string"}}],"inLanguage":"it-IT"},{"@type":"Organization","@id":"https:\/\/www.fertilityclinic.gr\/#organization","name":"\u039a\u03bb\u03b9\u03bd\u03b9\u03ba\u03ae \u0393\u03bf\u03bd\u03b9\u03bc\u03cc\u03c4\u03b7\u03c4\u03b1\u03c2 - Fertility Clinic","url":"https:\/\/www.fertilityclinic.gr\/","logo":{"@type":"ImageObject","inLanguage":"it-IT","@id":"https:\/\/www.fertilityclinic.gr\/#\/schema\/logo\/image\/","url":"https:\/\/www.fertilityclinic.gr\/wp-content\/uploads\/2020\/08\/f2_sq_logo_400.png","contentUrl":"https:\/\/www.fertilityclinic.gr\/wp-content\/uploads\/2020\/08\/f2_sq_logo_400.png","width":476,"height":339,"caption":"\u039a\u03bb\u03b9\u03bd\u03b9\u03ba\u03ae \u0393\u03bf\u03bd\u03b9\u03bc\u03cc\u03c4\u03b7\u03c4\u03b1\u03c2 - Fertility Clinic"},"image":{"@id":"https:\/\/www.fertilityclinic.gr\/#\/schema\/logo\/image\/"},"sameAs":["https:\/\/www.facebook.com\/fertilityclinic.gr","https:\/\/www.instagram.com\/fertilityclinic_gr\/"]}]}},"_links":{"self":[{"href":"https:\/\/www.fertilityclinic.gr\/it\/wp-json\/wp\/v2\/pages\/2399","targetHints":{"allow":["GET"]}}],"collection":[{"href":"https:\/\/www.fertilityclinic.gr\/it\/wp-json\/wp\/v2\/pages"}],"about":[{"href":"https:\/\/www.fertilityclinic.gr\/it\/wp-json\/wp\/v2\/types\/page"}],"author":[{"embeddable":true,"href":"https:\/\/www.fertilityclinic.gr\/it\/wp-json\/wp\/v2\/users\/2"}],"replies":[{"embeddable":true,"href":"https:\/\/www.fertilityclinic.gr\/it\/wp-json\/wp\/v2\/comments?post=2399"}],"version-history":[{"count":10,"href":"https:\/\/www.fertilityclinic.gr\/it\/wp-json\/wp\/v2\/pages\/2399\/revisions"}],"predecessor-version":[{"id":2409,"href":"https:\/\/www.fertilityclinic.gr\/it\/wp-json\/wp\/v2\/pages\/2399\/revisions\/2409"}],"wp:featuredmedia":[{"embeddable":true,"href":"https:\/\/www.fertilityclinic.gr\/it\/wp-json\/wp\/v2\/media\/2094"}],"wp:attachment":[{"href":"https:\/\/www.fertilityclinic.gr\/it\/wp-json\/wp\/v2\/media?parent=2399"}],"curies":[{"name":"wp","href":"https:\/\/api.w.org\/{rel}","templated":true}]}}